{"id":277,"date":"2019-11-13T14:43:01","date_gmt":"2019-11-13T16:43:01","guid":{"rendered":"http:\/\/acquafisioitatiba.com.br\/?page_id=277"},"modified":"2019-11-16T18:56:24","modified_gmt":"2019-11-16T20:56:24","slug":"aquazumba","status":"publish","type":"page","link":"https:\/\/acquafisioitatiba.com.br\/?page_id=277","title":{"rendered":"AQUAZUMBA"},"content":{"rendered":"\t\t<div data-elementor-type=\"wp-page\" data-elementor-id=\"277\" class=\"elementor elementor-277\">\n\t\t\t\t\t\t<section class=\"elementor-section elementor-top-section elementor-element elementor-element-4eefc27a elementor-section-content-top elementor-section-stretched elementor-section-full_width elementor-section-height-min-height elementor-section-items-top elementor-section-height-default\" data-id=\"4eefc27a\" data-element_type=\"section\" data-settings=\"{&quot;background_background&quot;:&quot;classic&quot;,&quot;stretch_section&quot;:&quot;section-stretched&quot;}\">\n\t\t\t\t\t\t<div class=\"elementor-container elementor-column-gap-no\">\n\t\t\t\t\t<div class=\"elementor-column elementor-col-50 elementor-top-column elementor-element elementor-element-8d7d9e2\" data-id=\"8d7d9e2\" data-element_type=\"column\">\n\t\t\t<div class=\"elementor-widget-wrap elementor-element-populated\">\n\t\t\t\t\t\t<div class=\"elementor-element elementor-element-2ea03690 elementor-widget elementor-widget-image\" data-id=\"2ea03690\" data-element_type=\"widget\" data-widget_type=\"image.default\">\n\t\t\t\t<div class=\"elementor-widget-container\">\n\t\t\t\t\t\t\t\t\t\t\t\t\t<img fetchpriority=\"high\" decoding=\"async\" width=\"2560\" height=\"2560\" src=\"https:\/\/acquafisioitatiba.com.br\/wp-content\/uploads\/2019\/11\/AQUAZUMBA-scaled.jpg\" class=\"attachment-full size-full wp-image-382\" alt=\"\" srcset=\"https:\/\/acquafisioitatiba.com.br\/wp-content\/uploads\/2019\/11\/AQUAZUMBA-scaled.jpg 2560w, https:\/\/acquafisioitatiba.com.br\/wp-content\/uploads\/2019\/11\/AQUAZUMBA-300x300.jpg 300w, https:\/\/acquafisioitatiba.com.br\/wp-content\/uploads\/2019\/11\/AQUAZUMBA-1024x1024.jpg 1024w, https:\/\/acquafisioitatiba.com.br\/wp-content\/uploads\/2019\/11\/AQUAZUMBA-150x150.jpg 150w, https:\/\/acquafisioitatiba.com.br\/wp-content\/uploads\/2019\/11\/AQUAZUMBA-768x768.jpg 768w, https:\/\/acquafisioitatiba.com.br\/wp-content\/uploads\/2019\/11\/AQUAZUMBA-1536x1536.jpg 1536w, https:\/\/acquafisioitatiba.com.br\/wp-content\/uploads\/2019\/11\/AQUAZUMBA-2048x2048.jpg 2048w, https:\/\/acquafisioitatiba.com.br\/wp-content\/uploads\/2019\/11\/AQUAZUMBA-1568x1568.jpg 1568w\" sizes=\"(max-width: 2560px) 100vw, 2560px\" \/>\t\t\t\t\t\t\t\t\t\t\t\t\t<\/div>\n\t\t\t\t<\/div>\n\t\t\t\t\t<\/div>\n\t\t<\/div>\n\t\t\t\t<div class=\"elementor-column elementor-col-50 elementor-top-column elementor-element elementor-element-77375ea2\" data-id=\"77375ea2\" data-element_type=\"column\">\n\t\t\t<div class=\"elementor-widget-wrap elementor-element-populated\">\n\t\t\t\t\t\t<div class=\"elementor-element elementor-element-11c1b411 elementor-widget elementor-widget-text-editor\" data-id=\"11c1b411\" data-element_type=\"widget\" data-widget_type=\"text-editor.default\">\n\t\t\t\t<div class=\"elementor-widget-container\">\n\t\t\t\t\t\t\t<p>Voltado para pessoas que querem resultados de uma tonifica\u00e7\u00e3o maior dos m\u00fasculos, maior gasto energ\u00e9tico, queimando at\u00e9 1000 calorias em menos de 1 hora de aula, e com isto acabar emagrecendo de forma divertida. Essa nova modalidade aqu\u00e1tica promete ser uma op\u00e7\u00e3o e um atrativo a mais para quem gosta de dan\u00e7ar e n\u00e3o gosta de suar na academia. O mais interessante \u00e9 que voc\u00ea sentir\u00e1 menos o impacto.<\/p>\t\t\t\t\t\t<\/div>\n\t\t\t\t<\/div>\n\t\t\t\t\t<\/div>\n\t\t<\/div>\n\t\t\t\t\t<\/div>\n\t\t<\/section>\n\t\t\t\t<\/div>\n\t\t","protected":false},"excerpt":{"rendered":"<p>Voltado para pessoas que querem resultados de uma tonifica\u00e7\u00e3o maior dos m\u00fasculos, maior gasto energ\u00e9tico, queimando at\u00e9 1000 calorias em menos de 1 hora de aula, e com isto acabar emagrecendo de forma divertida. Essa nova modalidade aqu\u00e1tica promete ser uma op\u00e7\u00e3o e um atrativo a mais para quem gosta de dan\u00e7ar e n\u00e3o gosta&hellip; <br \/> <a class=\"read-more\" href=\"https:\/\/acquafisioitatiba.com.br\/?page_id=277\">Leia mais<\/a><\/p>\n","protected":false},"author":1,"featured_media":0,"parent":0,"menu_order":0,"comment_status":"closed","ping_status":"closed","template":"page-templates\/homepage.php","meta":{"footnotes":""},"class_list":["post-277","page","type-page","status-publish","hentry"],"_links":{"self":[{"href":"https:\/\/acquafisioitatiba.com.br\/index.php?rest_route=\/wp\/v2\/pages\/277"}],"collection":[{"href":"https:\/\/acquafisioitatiba.com.br\/index.php?rest_route=\/wp\/v2\/pages"}],"about":[{"href":"https:\/\/acquafisioitatiba.com.br\/index.php?rest_route=\/wp\/v2\/types\/page"}],"author":[{"embeddable":true,"href":"https:\/\/acquafisioitatiba.com.br\/index.php?rest_route=\/wp\/v2\/users\/1"}],"replies":[{"embeddable":true,"href":"https:\/\/acquafisioitatiba.com.br\/index.php?rest_route=%2Fwp%2Fv2%2Fcomments&post=277"}],"version-history":[{"count":0,"href":"https:\/\/acquafisioitatiba.com.br\/index.php?rest_route=\/wp\/v2\/pages\/277\/revisions"}],"wp:attachment":[{"href":"https:\/\/acquafisioitatiba.com.br\/index.php?rest_route=%2Fwp%2Fv2%2Fmedia&parent=277"}],"curies":[{"name":"wp","href":"https:\/\/api.w.org\/{rel}","templated":true}]}}