{"id":286,"date":"2019-11-13T14:45:59","date_gmt":"2019-11-13T16:45:59","guid":{"rendered":"http:\/\/acquafisioitatiba.com.br\/?page_id=286"},"modified":"2019-11-16T18:59:02","modified_gmt":"2019-11-16T20:59:02","slug":"esteira-aquatica","status":"publish","type":"page","link":"https:\/\/acquafisioitatiba.com.br\/?page_id=286","title":{"rendered":"ESTEIRA AQU\u00c1TICA"},"content":{"rendered":"\t\t<div data-elementor-type=\"wp-page\" data-elementor-id=\"286\" class=\"elementor elementor-286\">\n\t\t\t\t\t\t<section class=\"elementor-section elementor-top-section elementor-element elementor-element-5c9e3212 elementor-section-content-top elementor-section-stretched elementor-section-full_width elementor-section-height-min-height elementor-section-items-top elementor-section-height-default\" data-id=\"5c9e3212\" data-element_type=\"section\" data-settings=\"{&quot;background_background&quot;:&quot;classic&quot;,&quot;stretch_section&quot;:&quot;section-stretched&quot;}\">\n\t\t\t\t\t\t<div class=\"elementor-container elementor-column-gap-no\">\n\t\t\t\t\t<div class=\"elementor-column elementor-col-50 elementor-top-column elementor-element elementor-element-52dc3753\" data-id=\"52dc3753\" data-element_type=\"column\">\n\t\t\t<div class=\"elementor-widget-wrap elementor-element-populated\">\n\t\t\t\t\t\t<div class=\"elementor-element elementor-element-5f86be6b elementor-widget elementor-widget-image\" data-id=\"5f86be6b\" data-element_type=\"widget\" data-widget_type=\"image.default\">\n\t\t\t\t<div class=\"elementor-widget-container\">\n\t\t\t\t\t\t\t\t\t\t\t\t\t<img fetchpriority=\"high\" decoding=\"async\" width=\"2560\" height=\"2560\" src=\"https:\/\/acquafisioitatiba.com.br\/wp-content\/uploads\/2019\/11\/ESTEIRA_AQU\u00c1TICA-scaled.jpg\" class=\"attachment-full size-full wp-image-381\" alt=\"\" srcset=\"https:\/\/acquafisioitatiba.com.br\/wp-content\/uploads\/2019\/11\/ESTEIRA_AQU\u00c1TICA-scaled.jpg 2560w, https:\/\/acquafisioitatiba.com.br\/wp-content\/uploads\/2019\/11\/ESTEIRA_AQU\u00c1TICA-300x300.jpg 300w, https:\/\/acquafisioitatiba.com.br\/wp-content\/uploads\/2019\/11\/ESTEIRA_AQU\u00c1TICA-1024x1024.jpg 1024w, https:\/\/acquafisioitatiba.com.br\/wp-content\/uploads\/2019\/11\/ESTEIRA_AQU\u00c1TICA-150x150.jpg 150w, https:\/\/acquafisioitatiba.com.br\/wp-content\/uploads\/2019\/11\/ESTEIRA_AQU\u00c1TICA-768x768.jpg 768w, https:\/\/acquafisioitatiba.com.br\/wp-content\/uploads\/2019\/11\/ESTEIRA_AQU\u00c1TICA-1536x1536.jpg 1536w, https:\/\/acquafisioitatiba.com.br\/wp-content\/uploads\/2019\/11\/ESTEIRA_AQU\u00c1TICA-2048x2048.jpg 2048w, https:\/\/acquafisioitatiba.com.br\/wp-content\/uploads\/2019\/11\/ESTEIRA_AQU\u00c1TICA-1568x1568.jpg 1568w\" sizes=\"(max-width: 2560px) 100vw, 2560px\" \/>\t\t\t\t\t\t\t\t\t\t\t\t\t<\/div>\n\t\t\t\t<\/div>\n\t\t\t\t\t<\/div>\n\t\t<\/div>\n\t\t\t\t<div class=\"elementor-column elementor-col-50 elementor-top-column elementor-element elementor-element-56c4207c\" data-id=\"56c4207c\" data-element_type=\"column\">\n\t\t\t<div class=\"elementor-widget-wrap elementor-element-populated\">\n\t\t\t\t\t\t<div class=\"elementor-element elementor-element-5d02cae5 elementor-widget elementor-widget-text-editor\" data-id=\"5d02cae5\" data-element_type=\"widget\" data-widget_type=\"text-editor.default\">\n\t\t\t\t<div class=\"elementor-widget-container\">\n\t\t\t\t\t\t\t<p>Previne les\u00f5es e \u00e9 uma forma de treinamento popular e que traz muitos benef\u00edcios para o praticante, como a queima de gordura, desenvolvimento de m\u00fasculos e aumento da resist\u00eancia f\u00edsica.<\/p>\t\t\t\t\t\t<\/div>\n\t\t\t\t<\/div>\n\t\t\t\t\t<\/div>\n\t\t<\/div>\n\t\t\t\t\t<\/div>\n\t\t<\/section>\n\t\t\t\t<\/div>\n\t\t","protected":false},"excerpt":{"rendered":"<p>Previne les\u00f5es e \u00e9 uma forma de treinamento popular e que traz muitos benef\u00edcios para o praticante, como a queima de gordura, desenvolvimento de m\u00fasculos e aumento da resist\u00eancia f\u00edsica.<\/p>\n","protected":false},"author":1,"featured_media":0,"parent":0,"menu_order":0,"comment_status":"closed","ping_status":"closed","template":"page-templates\/homepage.php","meta":{"footnotes":""},"class_list":["post-286","page","type-page","status-publish","hentry"],"_links":{"self":[{"href":"https:\/\/acquafisioitatiba.com.br\/index.php?rest_route=\/wp\/v2\/pages\/286"}],"collection":[{"href":"https:\/\/acquafisioitatiba.com.br\/index.php?rest_route=\/wp\/v2\/pages"}],"about":[{"href":"https:\/\/acquafisioitatiba.com.br\/index.php?rest_route=\/wp\/v2\/types\/page"}],"author":[{"embeddable":true,"href":"https:\/\/acquafisioitatiba.com.br\/index.php?rest_route=\/wp\/v2\/users\/1"}],"replies":[{"embeddable":true,"href":"https:\/\/acquafisioitatiba.com.br\/index.php?rest_route=%2Fwp%2Fv2%2Fcomments&post=286"}],"version-history":[{"count":0,"href":"https:\/\/acquafisioitatiba.com.br\/index.php?rest_route=\/wp\/v2\/pages\/286\/revisions"}],"wp:attachment":[{"href":"https:\/\/acquafisioitatiba.com.br\/index.php?rest_route=%2Fwp%2Fv2%2Fmedia&parent=286"}],"curies":[{"name":"wp","href":"https:\/\/api.w.org\/{rel}","templated":true}]}}