{"id":297,"date":"2019-11-13T14:50:03","date_gmt":"2019-11-13T16:50:03","guid":{"rendered":"http:\/\/acquafisioitatiba.com.br\/?page_id=297"},"modified":"2019-11-16T18:59:13","modified_gmt":"2019-11-16T20:59:13","slug":"fisioterapia-aquatica-para-gestantes","status":"publish","type":"page","link":"https:\/\/acquafisioitatiba.com.br\/?page_id=297","title":{"rendered":"FISIOTERAPIA AQU\u00c1TICA PARA GESTANTES"},"content":{"rendered":"\t\t<div data-elementor-type=\"wp-page\" data-elementor-id=\"297\" class=\"elementor elementor-297\">\n\t\t\t\t\t\t<section class=\"elementor-section elementor-top-section elementor-element elementor-element-24226352 elementor-section-content-top elementor-section-stretched elementor-section-full_width elementor-section-height-min-height elementor-section-items-top elementor-section-height-default\" data-id=\"24226352\" data-element_type=\"section\" data-settings=\"{&quot;background_background&quot;:&quot;classic&quot;,&quot;stretch_section&quot;:&quot;section-stretched&quot;}\">\n\t\t\t\t\t\t<div class=\"elementor-container elementor-column-gap-no\">\n\t\t\t\t\t<div class=\"elementor-column elementor-col-50 elementor-top-column elementor-element elementor-element-677662bd\" data-id=\"677662bd\" data-element_type=\"column\">\n\t\t\t<div class=\"elementor-widget-wrap elementor-element-populated\">\n\t\t\t\t\t\t<div class=\"elementor-element elementor-element-9d3b07e elementor-widget elementor-widget-image\" data-id=\"9d3b07e\" data-element_type=\"widget\" data-widget_type=\"image.default\">\n\t\t\t\t<div class=\"elementor-widget-container\">\n\t\t\t\t\t\t\t\t\t\t\t\t\t<img fetchpriority=\"high\" decoding=\"async\" width=\"2560\" height=\"2560\" src=\"https:\/\/acquafisioitatiba.com.br\/wp-content\/uploads\/2019\/11\/FISIOTERAPIA_AQU\u00c1TICA_PARA_GESTANTES-scaled.jpg\" class=\"attachment-full size-full wp-image-369\" alt=\"\" srcset=\"https:\/\/acquafisioitatiba.com.br\/wp-content\/uploads\/2019\/11\/FISIOTERAPIA_AQU\u00c1TICA_PARA_GESTANTES-scaled.jpg 2560w, https:\/\/acquafisioitatiba.com.br\/wp-content\/uploads\/2019\/11\/FISIOTERAPIA_AQU\u00c1TICA_PARA_GESTANTES-300x300.jpg 300w, https:\/\/acquafisioitatiba.com.br\/wp-content\/uploads\/2019\/11\/FISIOTERAPIA_AQU\u00c1TICA_PARA_GESTANTES-1024x1024.jpg 1024w, https:\/\/acquafisioitatiba.com.br\/wp-content\/uploads\/2019\/11\/FISIOTERAPIA_AQU\u00c1TICA_PARA_GESTANTES-150x150.jpg 150w, https:\/\/acquafisioitatiba.com.br\/wp-content\/uploads\/2019\/11\/FISIOTERAPIA_AQU\u00c1TICA_PARA_GESTANTES-768x768.jpg 768w, https:\/\/acquafisioitatiba.com.br\/wp-content\/uploads\/2019\/11\/FISIOTERAPIA_AQU\u00c1TICA_PARA_GESTANTES-1536x1536.jpg 1536w, https:\/\/acquafisioitatiba.com.br\/wp-content\/uploads\/2019\/11\/FISIOTERAPIA_AQU\u00c1TICA_PARA_GESTANTES-2048x2048.jpg 2048w, https:\/\/acquafisioitatiba.com.br\/wp-content\/uploads\/2019\/11\/FISIOTERAPIA_AQU\u00c1TICA_PARA_GESTANTES-1568x1568.jpg 1568w\" sizes=\"(max-width: 2560px) 100vw, 2560px\" \/>\t\t\t\t\t\t\t\t\t\t\t\t\t<\/div>\n\t\t\t\t<\/div>\n\t\t\t\t\t<\/div>\n\t\t<\/div>\n\t\t\t\t<div class=\"elementor-column elementor-col-50 elementor-top-column elementor-element elementor-element-59cc98ab\" data-id=\"59cc98ab\" data-element_type=\"column\">\n\t\t\t<div class=\"elementor-widget-wrap elementor-element-populated\">\n\t\t\t\t\t\t<div class=\"elementor-element elementor-element-50900d4a elementor-widget elementor-widget-text-editor\" data-id=\"50900d4a\" data-element_type=\"widget\" data-widget_type=\"text-editor.default\">\n\t\t\t\t<div class=\"elementor-widget-container\">\n\t\t\t\t\t\t\t<p>Utiliza exerc\u00edcios que podem trazer \u00a0conforto \u00e0 gravidez e ao parto, com foco na estabilidade da musculatura postural e do assoalho p\u00e9lvico que \u00e9 fundamental para previnir \u00a0problemas nos intestinos e bexiga.<\/p>\t\t\t\t\t\t<\/div>\n\t\t\t\t<\/div>\n\t\t\t\t\t<\/div>\n\t\t<\/div>\n\t\t\t\t\t<\/div>\n\t\t<\/section>\n\t\t\t\t<\/div>\n\t\t","protected":false},"excerpt":{"rendered":"<p>Utiliza exerc\u00edcios que podem trazer &nbsp;conforto \u00e0 gravidez e ao parto, com foco na estabilidade da musculatura postural e do assoalho p\u00e9lvico que \u00e9 fundamental para previnir &nbsp;problemas nos intestinos e bexiga.<\/p>\n","protected":false},"author":1,"featured_media":0,"parent":0,"menu_order":0,"comment_status":"closed","ping_status":"closed","template":"page-templates\/homepage.php","meta":{"footnotes":""},"class_list":["post-297","page","type-page","status-publish","hentry"],"_links":{"self":[{"href":"https:\/\/acquafisioitatiba.com.br\/index.php?rest_route=\/wp\/v2\/pages\/297"}],"collection":[{"href":"https:\/\/acquafisioitatiba.com.br\/index.php?rest_route=\/wp\/v2\/pages"}],"about":[{"href":"https:\/\/acquafisioitatiba.com.br\/index.php?rest_route=\/wp\/v2\/types\/page"}],"author":[{"embeddable":true,"href":"https:\/\/acquafisioitatiba.com.br\/index.php?rest_route=\/wp\/v2\/users\/1"}],"replies":[{"embeddable":true,"href":"https:\/\/acquafisioitatiba.com.br\/index.php?rest_route=%2Fwp%2Fv2%2Fcomments&post=297"}],"version-history":[{"count":0,"href":"https:\/\/acquafisioitatiba.com.br\/index.php?rest_route=\/wp\/v2\/pages\/297\/revisions"}],"wp:attachment":[{"href":"https:\/\/acquafisioitatiba.com.br\/index.php?rest_route=%2Fwp%2Fv2%2Fmedia&parent=297"}],"curies":[{"name":"wp","href":"https:\/\/api.w.org\/{rel}","templated":true}]}}