{"id":302,"date":"2019-11-13T14:50:18","date_gmt":"2019-11-13T16:50:18","guid":{"rendered":"http:\/\/acquafisioitatiba.com.br\/?page_id=302"},"modified":"2021-02-12T12:52:21","modified_gmt":"2021-02-12T15:52:21","slug":"acupuntura","status":"publish","type":"page","link":"https:\/\/acquafisioitatiba.com.br\/?page_id=302","title":{"rendered":"ACUPUNTURA"},"content":{"rendered":"\t\t<div data-elementor-type=\"wp-page\" data-elementor-id=\"302\" class=\"elementor elementor-302\">\n\t\t\t\t\t\t<section class=\"elementor-section elementor-top-section elementor-element elementor-element-4cd3a5d1 elementor-section-content-top elementor-section-stretched elementor-section-full_width elementor-section-height-min-height elementor-section-items-top elementor-section-height-default\" data-id=\"4cd3a5d1\" data-element_type=\"section\" data-settings=\"{&quot;background_background&quot;:&quot;classic&quot;,&quot;stretch_section&quot;:&quot;section-stretched&quot;}\">\n\t\t\t\t\t\t\t<div class=\"elementor-background-overlay\"><\/div>\n\t\t\t\t\t\t\t<div class=\"elementor-container elementor-column-gap-no\">\n\t\t\t\t\t<div class=\"elementor-column elementor-col-50 elementor-top-column elementor-element elementor-element-5f39989e\" data-id=\"5f39989e\" data-element_type=\"column\">\n\t\t\t<div class=\"elementor-widget-wrap elementor-element-populated\">\n\t\t\t\t\t\t<div class=\"elementor-element elementor-element-4198de1a elementor-widget elementor-widget-image\" data-id=\"4198de1a\" data-element_type=\"widget\" data-widget_type=\"image.default\">\n\t\t\t\t<div class=\"elementor-widget-container\">\n\t\t\t\t\t\t\t\t\t\t\t\t\t<img fetchpriority=\"high\" decoding=\"async\" width=\"2560\" height=\"2560\" src=\"https:\/\/acquafisioitatiba.com.br\/wp-content\/uploads\/2019\/11\/ACUPUNTURA-scaled.jpg\" class=\"attachment-full size-full wp-image-423\" alt=\"\" srcset=\"https:\/\/acquafisioitatiba.com.br\/wp-content\/uploads\/2019\/11\/ACUPUNTURA-scaled.jpg 2560w, https:\/\/acquafisioitatiba.com.br\/wp-content\/uploads\/2019\/11\/ACUPUNTURA-300x300.jpg 300w, https:\/\/acquafisioitatiba.com.br\/wp-content\/uploads\/2019\/11\/ACUPUNTURA-1024x1024.jpg 1024w, https:\/\/acquafisioitatiba.com.br\/wp-content\/uploads\/2019\/11\/ACUPUNTURA-150x150.jpg 150w, https:\/\/acquafisioitatiba.com.br\/wp-content\/uploads\/2019\/11\/ACUPUNTURA-768x768.jpg 768w, https:\/\/acquafisioitatiba.com.br\/wp-content\/uploads\/2019\/11\/ACUPUNTURA-1536x1536.jpg 1536w, https:\/\/acquafisioitatiba.com.br\/wp-content\/uploads\/2019\/11\/ACUPUNTURA-2048x2048.jpg 2048w, https:\/\/acquafisioitatiba.com.br\/wp-content\/uploads\/2019\/11\/ACUPUNTURA-1568x1568.jpg 1568w\" sizes=\"(max-width: 2560px) 100vw, 2560px\" \/>\t\t\t\t\t\t\t\t\t\t\t\t\t<\/div>\n\t\t\t\t<\/div>\n\t\t\t\t\t<\/div>\n\t\t<\/div>\n\t\t\t\t<div class=\"elementor-column elementor-col-50 elementor-top-column elementor-element elementor-element-7341a6f6\" data-id=\"7341a6f6\" data-element_type=\"column\">\n\t\t\t<div class=\"elementor-widget-wrap elementor-element-populated\">\n\t\t\t\t\t\t<div class=\"elementor-element elementor-element-488a1923 elementor-widget elementor-widget-text-editor\" data-id=\"488a1923\" data-element_type=\"widget\" data-widget_type=\"text-editor.default\">\n\t\t\t\t<div class=\"elementor-widget-container\">\n\t\t\t\t\t\t\t<p>\u00c9 um conjunto de pr\u00e1ticas terap\u00eauticas inspirado nas tradi\u00e7\u00f5es m\u00e9dicas orientais. Consiste na estimula\u00e7\u00e3o de locais anat\u00f4micos sobre ou na pele \u2013 os chamados pontos de acupuntura. Diferentes abordagens para o diagn\u00f3stico, preven\u00e7\u00e3o e tratamento de doen\u00e7as s\u00e3o realizadas, entretanto o procedimento mais adotado no mundo atualmente \u00e9 a penetra\u00e7\u00e3o da pele por agulhas met\u00e1licas muito finas e s\u00f3lidas, manipuladas manualmente ou por meio de est\u00edmulos el\u00e9tricos. A medicina ocidental e moderna, contudo, sugere que o m\u00e9todo estimule a libera\u00e7\u00e3o de subst\u00e2ncias qu\u00edmicas que alteram o sistema nervoso e podem ter efeitos em todo o corpo, promovendo o equil\u00edbrio do organismo.\u00a0 O diagn\u00f3stico \u00e9 feito ap\u00f3s o questionamento de diferentes aspectos da vida do paciente e a observa\u00e7\u00e3o de manifesta\u00e7\u00f5es f\u00edsicas como a pulsa\u00e7\u00e3o, a respira\u00e7\u00e3o, cor e aspecto da pele e da l\u00edngua. Assim que o problema \u00e9 identificado, o paciente pode ter alguns de seus mais de mil pontos de acupuntura estimulados em diversas e frequentes sess\u00f5es.<\/p><p>You can contemplate composing on following matters linked to science and technologies. It&#8217;s additionally heading to help you to understand your growth with respect to writing, studying, interacting, pondering, as well as listening. Authorship is chilling for a dozens of students and guys and women generally. Writing practice is really a training for <a href=\"https:\/\/www.affordable-papers.net\/\">research paper writer<\/a> who love writing.<br \/>Cursive writing is, in inclusion, named software. Following are several common steps and thoughts on writing an excellent literacy story. This actually is a terrific brooding exercise for pupils to assess by themselves if they&#8217;re writing properly &#8211; developed sentences. Before writing the review, make an outline.<\/p><p>\u00a0<\/p>\t\t\t\t\t\t<\/div>\n\t\t\t\t<\/div>\n\t\t\t\t\t<\/div>\n\t\t<\/div>\n\t\t\t\t\t<\/div>\n\t\t<\/section>\n\t\t\t\t<\/div>\n\t\t","protected":false},"excerpt":{"rendered":"<p>\u00c9 um conjunto de pr\u00e1ticas terap\u00eauticas inspirado nas tradi\u00e7\u00f5es m\u00e9dicas orientais. Consiste na estimula\u00e7\u00e3o de locais anat\u00f4micos sobre ou na pele \u2013 os chamados pontos de acupuntura. Diferentes abordagens para o diagn\u00f3stico, preven\u00e7\u00e3o e tratamento de doen\u00e7as s\u00e3o realizadas, entretanto o procedimento mais adotado no mundo atualmente \u00e9 a penetra\u00e7\u00e3o da pele por agulhas met\u00e1licas&hellip; <br \/> <a class=\"read-more\" href=\"https:\/\/acquafisioitatiba.com.br\/?page_id=302\">Leia mais<\/a><\/p>\n","protected":false},"author":1,"featured_media":0,"parent":0,"menu_order":0,"comment_status":"closed","ping_status":"closed","template":"page-templates\/homepage.php","meta":{"footnotes":""},"class_list":["post-302","page","type-page","status-publish","hentry"],"_links":{"self":[{"href":"https:\/\/acquafisioitatiba.com.br\/index.php?rest_route=\/wp\/v2\/pages\/302"}],"collection":[{"href":"https:\/\/acquafisioitatiba.com.br\/index.php?rest_route=\/wp\/v2\/pages"}],"about":[{"href":"https:\/\/acquafisioitatiba.com.br\/index.php?rest_route=\/wp\/v2\/types\/page"}],"author":[{"embeddable":true,"href":"https:\/\/acquafisioitatiba.com.br\/index.php?rest_route=\/wp\/v2\/users\/1"}],"replies":[{"embeddable":true,"href":"https:\/\/acquafisioitatiba.com.br\/index.php?rest_route=%2Fwp%2Fv2%2Fcomments&post=302"}],"version-history":[{"count":2,"href":"https:\/\/acquafisioitatiba.com.br\/index.php?rest_route=\/wp\/v2\/pages\/302\/revisions"}],"predecessor-version":[{"id":841,"href":"https:\/\/acquafisioitatiba.com.br\/index.php?rest_route=\/wp\/v2\/pages\/302\/revisions\/841"}],"wp:attachment":[{"href":"https:\/\/acquafisioitatiba.com.br\/index.php?rest_route=%2Fwp%2Fv2%2Fmedia&parent=302"}],"curies":[{"name":"wp","href":"https:\/\/api.w.org\/{rel}","templated":true}]}}