{"id":312,"date":"2019-11-13T14:50:47","date_gmt":"2019-11-13T16:50:47","guid":{"rendered":"http:\/\/acquafisioitatiba.com.br\/?page_id=312"},"modified":"2019-11-16T18:58:52","modified_gmt":"2019-11-16T20:58:52","slug":"dermato-funcional","status":"publish","type":"page","link":"https:\/\/acquafisioitatiba.com.br\/?page_id=312","title":{"rendered":"DERMATO FUNCIONAL"},"content":{"rendered":"\t\t<div data-elementor-type=\"wp-page\" data-elementor-id=\"312\" class=\"elementor elementor-312\">\n\t\t\t\t\t\t<section class=\"elementor-section elementor-top-section elementor-element elementor-element-43838800 elementor-section-content-top elementor-section-stretched elementor-section-full_width elementor-section-height-min-height elementor-section-items-top elementor-section-height-default\" data-id=\"43838800\" data-element_type=\"section\" data-settings=\"{&quot;background_background&quot;:&quot;classic&quot;,&quot;stretch_section&quot;:&quot;section-stretched&quot;}\">\n\t\t\t\t\t\t<div class=\"elementor-container elementor-column-gap-no\">\n\t\t\t\t\t<div class=\"elementor-column elementor-col-50 elementor-top-column elementor-element elementor-element-77b5fa9f\" data-id=\"77b5fa9f\" data-element_type=\"column\">\n\t\t\t<div class=\"elementor-widget-wrap elementor-element-populated\">\n\t\t\t\t\t\t<div class=\"elementor-element elementor-element-7f903b46 elementor-widget elementor-widget-image\" data-id=\"7f903b46\" data-element_type=\"widget\" data-widget_type=\"image.default\">\n\t\t\t\t<div class=\"elementor-widget-container\">\n\t\t\t\t\t\t\t\t\t\t\t\t\t<img fetchpriority=\"high\" decoding=\"async\" width=\"2560\" height=\"2560\" src=\"https:\/\/acquafisioitatiba.com.br\/wp-content\/uploads\/2019\/11\/DERMATO-FUNCIONAL-scaled.jpg\" class=\"attachment-full size-full wp-image-422\" alt=\"\" srcset=\"https:\/\/acquafisioitatiba.com.br\/wp-content\/uploads\/2019\/11\/DERMATO-FUNCIONAL-scaled.jpg 2560w, https:\/\/acquafisioitatiba.com.br\/wp-content\/uploads\/2019\/11\/DERMATO-FUNCIONAL-300x300.jpg 300w, https:\/\/acquafisioitatiba.com.br\/wp-content\/uploads\/2019\/11\/DERMATO-FUNCIONAL-1024x1024.jpg 1024w, https:\/\/acquafisioitatiba.com.br\/wp-content\/uploads\/2019\/11\/DERMATO-FUNCIONAL-150x150.jpg 150w, https:\/\/acquafisioitatiba.com.br\/wp-content\/uploads\/2019\/11\/DERMATO-FUNCIONAL-768x768.jpg 768w, https:\/\/acquafisioitatiba.com.br\/wp-content\/uploads\/2019\/11\/DERMATO-FUNCIONAL-1536x1536.jpg 1536w, https:\/\/acquafisioitatiba.com.br\/wp-content\/uploads\/2019\/11\/DERMATO-FUNCIONAL-2048x2048.jpg 2048w, https:\/\/acquafisioitatiba.com.br\/wp-content\/uploads\/2019\/11\/DERMATO-FUNCIONAL-1568x1568.jpg 1568w\" sizes=\"(max-width: 2560px) 100vw, 2560px\" \/>\t\t\t\t\t\t\t\t\t\t\t\t\t<\/div>\n\t\t\t\t<\/div>\n\t\t\t\t\t<\/div>\n\t\t<\/div>\n\t\t\t\t<div class=\"elementor-column elementor-col-50 elementor-top-column elementor-element elementor-element-3cbd892f\" data-id=\"3cbd892f\" data-element_type=\"column\">\n\t\t\t<div class=\"elementor-widget-wrap elementor-element-populated\">\n\t\t\t\t\t\t<div class=\"elementor-element elementor-element-711ccd40 elementor-widget elementor-widget-text-editor\" data-id=\"711ccd40\" data-element_type=\"widget\" data-widget_type=\"text-editor.default\">\n\t\t\t\t<div class=\"elementor-widget-container\">\n\t\t\t\t\t\t\t<p>Fundamentada em conceitos que visam tanto o acompanhamento no pr\u00e9 quanto no p\u00f3s-operat\u00f3rio de interven\u00e7\u00f5es cir\u00fargicas e a fim de tratar as in\u00fameras respostas enviadas pelo sistema humano. As patologias que a Dermato Funcional abrange s\u00e3o: Flacidez facial ou corporal; Manchas; Envelhecimento Facial; Edemas ;Cicatriz (melhora do aspecto da cicatriz ou acelera\u00e7\u00e3o da cicatriza\u00e7\u00e3o); Ros\u00e1cea; Oleosidade; Acne, comed\u00f5es (cravos), p\u00fastulas; Fibro Edema\u00a0Geloide\u00a0(Celulite); Estrias; Lipodistrofia (Gordura Localizada); Queimaduras; Pr\u00e9 e p\u00f3s cirurgia pl\u00e1stica. Para o tratamento dessas patologias os fisioterapeutas utilizam desde t\u00e9cnicas manuais at\u00e9 recursos de aparelhos (ex. Corrente Russa,\u00a0ultrassom, etc). Essas altas tecnologias permitem uma melhora grande e r\u00e1pida da est\u00e9tica.<\/p>\t\t\t\t\t\t<\/div>\n\t\t\t\t<\/div>\n\t\t\t\t\t<\/div>\n\t\t<\/div>\n\t\t\t\t\t<\/div>\n\t\t<\/section>\n\t\t\t\t<\/div>\n\t\t","protected":false},"excerpt":{"rendered":"<p>Fundamentada em conceitos que visam tanto o acompanhamento no pr\u00e9 quanto no p\u00f3s-operat\u00f3rio de interven\u00e7\u00f5es cir\u00fargicas e a fim de tratar as in\u00fameras respostas enviadas pelo sistema humano. As patologias que a Dermato Funcional abrange s\u00e3o: Flacidez facial ou corporal; Manchas; Envelhecimento Facial; Edemas ;Cicatriz (melhora do aspecto da cicatriz ou acelera\u00e7\u00e3o da cicatriza\u00e7\u00e3o); Ros\u00e1cea;&hellip; <br \/> <a class=\"read-more\" href=\"https:\/\/acquafisioitatiba.com.br\/?page_id=312\">Leia mais<\/a><\/p>\n","protected":false},"author":1,"featured_media":0,"parent":0,"menu_order":0,"comment_status":"closed","ping_status":"closed","template":"page-templates\/homepage.php","meta":{"footnotes":""},"class_list":["post-312","page","type-page","status-publish","hentry"],"_links":{"self":[{"href":"https:\/\/acquafisioitatiba.com.br\/index.php?rest_route=\/wp\/v2\/pages\/312"}],"collection":[{"href":"https:\/\/acquafisioitatiba.com.br\/index.php?rest_route=\/wp\/v2\/pages"}],"about":[{"href":"https:\/\/acquafisioitatiba.com.br\/index.php?rest_route=\/wp\/v2\/types\/page"}],"author":[{"embeddable":true,"href":"https:\/\/acquafisioitatiba.com.br\/index.php?rest_route=\/wp\/v2\/users\/1"}],"replies":[{"embeddable":true,"href":"https:\/\/acquafisioitatiba.com.br\/index.php?rest_route=%2Fwp%2Fv2%2Fcomments&post=312"}],"version-history":[{"count":0,"href":"https:\/\/acquafisioitatiba.com.br\/index.php?rest_route=\/wp\/v2\/pages\/312\/revisions"}],"wp:attachment":[{"href":"https:\/\/acquafisioitatiba.com.br\/index.php?rest_route=%2Fwp%2Fv2%2Fmedia&parent=312"}],"curies":[{"name":"wp","href":"https:\/\/api.w.org\/{rel}","templated":true}]}}