{"id":321,"date":"2019-11-13T14:54:29","date_gmt":"2019-11-13T16:54:29","guid":{"rendered":"http:\/\/acquafisioitatiba.com.br\/?page_id=321"},"modified":"2020-12-03T19:20:23","modified_gmt":"2020-12-03T22:20:23","slug":"dinamic-tape","status":"publish","type":"page","link":"https:\/\/acquafisioitatiba.com.br\/?page_id=321","title":{"rendered":"DINAMIC TAPE"},"content":{"rendered":"\t\t<div data-elementor-type=\"wp-page\" data-elementor-id=\"321\" class=\"elementor elementor-321\">\n\t\t\t\t\t\t<section class=\"elementor-section elementor-top-section elementor-element elementor-element-bcb2099 elementor-section-content-top elementor-section-stretched elementor-section-full_width elementor-section-height-min-height elementor-section-items-top elementor-section-height-default\" data-id=\"bcb2099\" data-element_type=\"section\" data-settings=\"{&quot;background_background&quot;:&quot;classic&quot;,&quot;stretch_section&quot;:&quot;section-stretched&quot;}\">\n\t\t\t\t\t\t<div class=\"elementor-container elementor-column-gap-no\">\n\t\t\t\t\t<div class=\"elementor-column elementor-col-50 elementor-top-column elementor-element elementor-element-cbe61b2\" data-id=\"cbe61b2\" data-element_type=\"column\">\n\t\t\t<div class=\"elementor-widget-wrap elementor-element-populated\">\n\t\t\t\t\t\t<div class=\"elementor-element elementor-element-2482560e elementor-widget elementor-widget-image\" data-id=\"2482560e\" data-element_type=\"widget\" data-widget_type=\"image.default\">\n\t\t\t\t<div class=\"elementor-widget-container\">\n\t\t\t\t\t\t\t\t\t\t\t\t\t<img fetchpriority=\"high\" decoding=\"async\" width=\"2560\" height=\"2560\" src=\"https:\/\/acquafisioitatiba.com.br\/wp-content\/uploads\/2019\/11\/DYNAMIC-TAPE-scaled.jpg\" class=\"attachment-full size-full wp-image-383\" alt=\"\" srcset=\"https:\/\/acquafisioitatiba.com.br\/wp-content\/uploads\/2019\/11\/DYNAMIC-TAPE-scaled.jpg 2560w, https:\/\/acquafisioitatiba.com.br\/wp-content\/uploads\/2019\/11\/DYNAMIC-TAPE-300x300.jpg 300w, https:\/\/acquafisioitatiba.com.br\/wp-content\/uploads\/2019\/11\/DYNAMIC-TAPE-1024x1024.jpg 1024w, https:\/\/acquafisioitatiba.com.br\/wp-content\/uploads\/2019\/11\/DYNAMIC-TAPE-150x150.jpg 150w, https:\/\/acquafisioitatiba.com.br\/wp-content\/uploads\/2019\/11\/DYNAMIC-TAPE-768x768.jpg 768w, https:\/\/acquafisioitatiba.com.br\/wp-content\/uploads\/2019\/11\/DYNAMIC-TAPE-1536x1536.jpg 1536w, https:\/\/acquafisioitatiba.com.br\/wp-content\/uploads\/2019\/11\/DYNAMIC-TAPE-2048x2048.jpg 2048w, https:\/\/acquafisioitatiba.com.br\/wp-content\/uploads\/2019\/11\/DYNAMIC-TAPE-1568x1568.jpg 1568w\" sizes=\"(max-width: 2560px) 100vw, 2560px\" \/>\t\t\t\t\t\t\t\t\t\t\t\t\t<\/div>\n\t\t\t\t<\/div>\n\t\t\t\t\t<\/div>\n\t\t<\/div>\n\t\t\t\t<div class=\"elementor-column elementor-col-50 elementor-top-column elementor-element elementor-element-961bfdf\" data-id=\"961bfdf\" data-element_type=\"column\">\n\t\t\t<div class=\"elementor-widget-wrap elementor-element-populated\">\n\t\t\t\t\t\t<div class=\"elementor-element elementor-element-7acca88c elementor-widget elementor-widget-text-editor\" data-id=\"7acca88c\" data-element_type=\"widget\" data-widget_type=\"text-editor.default\">\n\t\t\t\t<div class=\"elementor-widget-container\">\n\t\t\t\t\t\t\t<p>Conhecida como a nova bandagem funcional Australiana, Dynamic Tape \u00e9 uma bandagem fortemente el\u00e1stica desenvolvida pelo fisioterapeuta australiano Ryan Kendrick, usada em v\u00e1rias condi\u00e7\u00f5es esportivas, musculoesquel\u00e9ticas e neurol\u00f3gicas. A bandagem \u00e9 aplicada de forma a mimetizar a a\u00e7\u00e3o do m\u00fasculo ou tend\u00e3o afetado. Ela proporciona uma vantagem mec\u00e2nica diminuindo a carga que pode resultar em menos dor, melhor cicatriza\u00e7\u00e3o, resist\u00eancia e performance aumentada.<\/p><p>If you selected to ultimately be a faculty article author, you will need to understand the total significance of such function. The understanding is vital in order about them to turn in to the very greatest school article authors. Perhaps you are confident you will get a exceptional college <a href=\"https:\/\/papertyper.net\/\">essay tools<\/a> from our bureau. Should you really do not submit your school essay document in period, you are going to get a decrease mark for this.<\/p><p>Young folks regularly try to come across cheap essay authors that will be attentive about writing school composition. The precise sam e happens in regards to faculty essay creating. Once every thing was cleared away, you are going to receive your school composition papers. You will find loads of completely free school composition hints and instructions on the best means to write a great college essay in addition to having the ability to get free test college essays and college essay examples on various matters within our article composing blog.<br \/>The principal physique of your own composition comprises a few paragraphs.<\/p>\t\t\t\t\t\t<\/div>\n\t\t\t\t<\/div>\n\t\t\t\t\t<\/div>\n\t\t<\/div>\n\t\t\t\t\t<\/div>\n\t\t<\/section>\n\t\t\t\t<\/div>\n\t\t","protected":false},"excerpt":{"rendered":"<p>Conhecida como a nova bandagem funcional Australiana, Dynamic Tape \u00e9 uma bandagem fortemente el\u00e1stica desenvolvida pelo fisioterapeuta australiano Ryan Kendrick, usada em v\u00e1rias condi\u00e7\u00f5es esportivas, musculoesquel\u00e9ticas e neurol\u00f3gicas. A bandagem \u00e9 aplicada de forma a mimetizar a a\u00e7\u00e3o do m\u00fasculo ou tend\u00e3o afetado. Ela proporciona uma vantagem mec\u00e2nica diminuindo a carga que pode resultar em&hellip; <br \/> <a class=\"read-more\" href=\"https:\/\/acquafisioitatiba.com.br\/?page_id=321\">Leia mais<\/a><\/p>\n","protected":false},"author":1,"featured_media":0,"parent":0,"menu_order":0,"comment_status":"closed","ping_status":"closed","template":"page-templates\/homepage.php","meta":{"footnotes":""},"class_list":["post-321","page","type-page","status-publish","hentry"],"_links":{"self":[{"href":"https:\/\/acquafisioitatiba.com.br\/index.php?rest_route=\/wp\/v2\/pages\/321"}],"collection":[{"href":"https:\/\/acquafisioitatiba.com.br\/index.php?rest_route=\/wp\/v2\/pages"}],"about":[{"href":"https:\/\/acquafisioitatiba.com.br\/index.php?rest_route=\/wp\/v2\/types\/page"}],"author":[{"embeddable":true,"href":"https:\/\/acquafisioitatiba.com.br\/index.php?rest_route=\/wp\/v2\/users\/1"}],"replies":[{"embeddable":true,"href":"https:\/\/acquafisioitatiba.com.br\/index.php?rest_route=%2Fwp%2Fv2%2Fcomments&post=321"}],"version-history":[{"count":2,"href":"https:\/\/acquafisioitatiba.com.br\/index.php?rest_route=\/wp\/v2\/pages\/321\/revisions"}],"predecessor-version":[{"id":831,"href":"https:\/\/acquafisioitatiba.com.br\/index.php?rest_route=\/wp\/v2\/pages\/321\/revisions\/831"}],"wp:attachment":[{"href":"https:\/\/acquafisioitatiba.com.br\/index.php?rest_route=%2Fwp%2Fv2%2Fmedia&parent=321"}],"curies":[{"name":"wp","href":"https:\/\/api.w.org\/{rel}","templated":true}]}}