{"id":325,"date":"2019-11-13T14:55:16","date_gmt":"2019-11-13T16:55:16","guid":{"rendered":"http:\/\/acquafisioitatiba.com.br\/?page_id=325"},"modified":"2019-11-16T18:59:15","modified_gmt":"2019-11-16T20:59:15","slug":"fisioterapia-cardiorespiratoria","status":"publish","type":"page","link":"https:\/\/acquafisioitatiba.com.br\/?page_id=325","title":{"rendered":"FISIOTERAPIA CARDIORESPIRAT\u00d3RIA"},"content":{"rendered":"\t\t<div data-elementor-type=\"wp-page\" data-elementor-id=\"325\" class=\"elementor elementor-325\">\n\t\t\t\t\t\t<section class=\"elementor-section elementor-top-section elementor-element elementor-element-13023818 elementor-section-content-top elementor-section-stretched elementor-section-full_width elementor-section-height-min-height elementor-section-items-top elementor-section-height-default\" data-id=\"13023818\" data-element_type=\"section\" data-settings=\"{&quot;background_background&quot;:&quot;classic&quot;,&quot;stretch_section&quot;:&quot;section-stretched&quot;}\">\n\t\t\t\t\t\t<div class=\"elementor-container elementor-column-gap-no\">\n\t\t\t\t\t<div class=\"elementor-column elementor-col-50 elementor-top-column elementor-element elementor-element-60d5806d\" data-id=\"60d5806d\" data-element_type=\"column\">\n\t\t\t<div class=\"elementor-widget-wrap elementor-element-populated\">\n\t\t\t\t\t\t<div class=\"elementor-element elementor-element-3a709e15 elementor-widget elementor-widget-image\" data-id=\"3a709e15\" data-element_type=\"widget\" data-widget_type=\"image.default\">\n\t\t\t\t<div class=\"elementor-widget-container\">\n\t\t\t\t\t\t\t\t\t\t\t\t\t<img fetchpriority=\"high\" decoding=\"async\" width=\"2560\" height=\"2560\" src=\"https:\/\/acquafisioitatiba.com.br\/wp-content\/uploads\/2019\/11\/FISIOTERAPIA_CARDIORRESPIRAT\u00d3RIA-scaled.jpg\" class=\"attachment-full size-full wp-image-379\" alt=\"\" srcset=\"https:\/\/acquafisioitatiba.com.br\/wp-content\/uploads\/2019\/11\/FISIOTERAPIA_CARDIORRESPIRAT\u00d3RIA-scaled.jpg 2560w, https:\/\/acquafisioitatiba.com.br\/wp-content\/uploads\/2019\/11\/FISIOTERAPIA_CARDIORRESPIRAT\u00d3RIA-300x300.jpg 300w, https:\/\/acquafisioitatiba.com.br\/wp-content\/uploads\/2019\/11\/FISIOTERAPIA_CARDIORRESPIRAT\u00d3RIA-1024x1024.jpg 1024w, https:\/\/acquafisioitatiba.com.br\/wp-content\/uploads\/2019\/11\/FISIOTERAPIA_CARDIORRESPIRAT\u00d3RIA-150x150.jpg 150w, https:\/\/acquafisioitatiba.com.br\/wp-content\/uploads\/2019\/11\/FISIOTERAPIA_CARDIORRESPIRAT\u00d3RIA-768x768.jpg 768w, https:\/\/acquafisioitatiba.com.br\/wp-content\/uploads\/2019\/11\/FISIOTERAPIA_CARDIORRESPIRAT\u00d3RIA-1536x1536.jpg 1536w, https:\/\/acquafisioitatiba.com.br\/wp-content\/uploads\/2019\/11\/FISIOTERAPIA_CARDIORRESPIRAT\u00d3RIA-2048x2048.jpg 2048w, https:\/\/acquafisioitatiba.com.br\/wp-content\/uploads\/2019\/11\/FISIOTERAPIA_CARDIORRESPIRAT\u00d3RIA-1568x1568.jpg 1568w\" sizes=\"(max-width: 2560px) 100vw, 2560px\" \/>\t\t\t\t\t\t\t\t\t\t\t\t\t<\/div>\n\t\t\t\t<\/div>\n\t\t\t\t\t<\/div>\n\t\t<\/div>\n\t\t\t\t<div class=\"elementor-column elementor-col-50 elementor-top-column elementor-element elementor-element-33a4be1f\" data-id=\"33a4be1f\" data-element_type=\"column\">\n\t\t\t<div class=\"elementor-widget-wrap elementor-element-populated\">\n\t\t\t\t\t\t<div class=\"elementor-element elementor-element-1f977df0 elementor-widget elementor-widget-text-editor\" data-id=\"1f977df0\" data-element_type=\"widget\" data-widget_type=\"text-editor.default\">\n\t\t\t\t<div class=\"elementor-widget-container\">\n\t\t\t\t\t\t\t<p>A fisioterapia cardiorrespirat\u00f3ria e intensivista \u00e9 uma especialidade ampla da fisioterapia que lida com avalia\u00e7\u00e3o, preven\u00e7\u00e3o e tratamento dos dist\u00farbios cardiopulmonares agudos ou cr\u00f4nicos de todas as idades. Tem como objetivo melhorar a efici\u00eancia ventilat\u00f3ria ou a redu\u00e7\u00e3o da sobrecarga dos m\u00fasculos respirat\u00f3rios, para evitar a fal\u00eancia dos mesmos; melhorar o condicionamento f\u00edsico; educar o paciente quanto a respira\u00e7\u00e3o correta e a preven\u00e7\u00e3o de doen\u00e7as e reduzir a sintomatologia<\/p>\t\t\t\t\t\t<\/div>\n\t\t\t\t<\/div>\n\t\t\t\t\t<\/div>\n\t\t<\/div>\n\t\t\t\t\t<\/div>\n\t\t<\/section>\n\t\t\t\t<\/div>\n\t\t","protected":false},"excerpt":{"rendered":"<p>A fisioterapia cardiorrespirat\u00f3ria e intensivista \u00e9 uma especialidade ampla da fisioterapia que lida com avalia\u00e7\u00e3o, preven\u00e7\u00e3o e tratamento dos dist\u00farbios cardiopulmonares agudos ou cr\u00f4nicos de todas as idades. Tem como objetivo melhorar a efici\u00eancia ventilat\u00f3ria ou a redu\u00e7\u00e3o da sobrecarga dos m\u00fasculos respirat\u00f3rios, para evitar a fal\u00eancia dos mesmos; melhorar o condicionamento f\u00edsico; educar o&hellip; <br \/> <a class=\"read-more\" href=\"https:\/\/acquafisioitatiba.com.br\/?page_id=325\">Leia mais<\/a><\/p>\n","protected":false},"author":1,"featured_media":0,"parent":0,"menu_order":0,"comment_status":"closed","ping_status":"closed","template":"page-templates\/homepage.php","meta":{"footnotes":""},"class_list":["post-325","page","type-page","status-publish","hentry"],"_links":{"self":[{"href":"https:\/\/acquafisioitatiba.com.br\/index.php?rest_route=\/wp\/v2\/pages\/325"}],"collection":[{"href":"https:\/\/acquafisioitatiba.com.br\/index.php?rest_route=\/wp\/v2\/pages"}],"about":[{"href":"https:\/\/acquafisioitatiba.com.br\/index.php?rest_route=\/wp\/v2\/types\/page"}],"author":[{"embeddable":true,"href":"https:\/\/acquafisioitatiba.com.br\/index.php?rest_route=\/wp\/v2\/users\/1"}],"replies":[{"embeddable":true,"href":"https:\/\/acquafisioitatiba.com.br\/index.php?rest_route=%2Fwp%2Fv2%2Fcomments&post=325"}],"version-history":[{"count":0,"href":"https:\/\/acquafisioitatiba.com.br\/index.php?rest_route=\/wp\/v2\/pages\/325\/revisions"}],"wp:attachment":[{"href":"https:\/\/acquafisioitatiba.com.br\/index.php?rest_route=%2Fwp%2Fv2%2Fmedia&parent=325"}],"curies":[{"name":"wp","href":"https:\/\/api.w.org\/{rel}","templated":true}]}}