{"id":337,"date":"2019-11-13T14:57:00","date_gmt":"2019-11-13T16:57:00","guid":{"rendered":"http:\/\/acquafisioitatiba.com.br\/?page_id=337"},"modified":"2019-11-16T18:59:44","modified_gmt":"2019-11-16T20:59:44","slug":"terapia-manual","status":"publish","type":"page","link":"https:\/\/acquafisioitatiba.com.br\/?page_id=337","title":{"rendered":"TERAPIA MANUAL"},"content":{"rendered":"\t\t<div data-elementor-type=\"wp-page\" data-elementor-id=\"337\" class=\"elementor elementor-337\">\n\t\t\t\t\t\t<section class=\"elementor-section elementor-top-section elementor-element elementor-element-68d89524 elementor-section-content-top elementor-section-stretched elementor-section-full_width elementor-section-height-min-height elementor-section-items-top elementor-section-height-default\" data-id=\"68d89524\" data-element_type=\"section\" data-settings=\"{&quot;background_background&quot;:&quot;classic&quot;,&quot;stretch_section&quot;:&quot;section-stretched&quot;}\">\n\t\t\t\t\t\t<div class=\"elementor-container elementor-column-gap-no\">\n\t\t\t\t\t<div class=\"elementor-column elementor-col-50 elementor-top-column elementor-element elementor-element-4320ae56\" data-id=\"4320ae56\" data-element_type=\"column\">\n\t\t\t<div class=\"elementor-widget-wrap elementor-element-populated\">\n\t\t\t\t\t\t<div class=\"elementor-element elementor-element-37207d4 elementor-widget elementor-widget-image\" data-id=\"37207d4\" data-element_type=\"widget\" data-widget_type=\"image.default\">\n\t\t\t\t<div class=\"elementor-widget-container\">\n\t\t\t\t\t\t\t\t\t\t\t\t\t<img fetchpriority=\"high\" decoding=\"async\" width=\"2560\" height=\"2560\" src=\"https:\/\/acquafisioitatiba.com.br\/wp-content\/uploads\/2019\/11\/TERAPIA-MANUAL-scaled.jpg\" class=\"attachment-full size-full wp-image-373\" alt=\"\" srcset=\"https:\/\/acquafisioitatiba.com.br\/wp-content\/uploads\/2019\/11\/TERAPIA-MANUAL-scaled.jpg 2560w, https:\/\/acquafisioitatiba.com.br\/wp-content\/uploads\/2019\/11\/TERAPIA-MANUAL-300x300.jpg 300w, https:\/\/acquafisioitatiba.com.br\/wp-content\/uploads\/2019\/11\/TERAPIA-MANUAL-1024x1024.jpg 1024w, https:\/\/acquafisioitatiba.com.br\/wp-content\/uploads\/2019\/11\/TERAPIA-MANUAL-150x150.jpg 150w, https:\/\/acquafisioitatiba.com.br\/wp-content\/uploads\/2019\/11\/TERAPIA-MANUAL-768x768.jpg 768w, https:\/\/acquafisioitatiba.com.br\/wp-content\/uploads\/2019\/11\/TERAPIA-MANUAL-1536x1536.jpg 1536w, https:\/\/acquafisioitatiba.com.br\/wp-content\/uploads\/2019\/11\/TERAPIA-MANUAL-2048x2048.jpg 2048w, https:\/\/acquafisioitatiba.com.br\/wp-content\/uploads\/2019\/11\/TERAPIA-MANUAL-1568x1568.jpg 1568w\" sizes=\"(max-width: 2560px) 100vw, 2560px\" \/>\t\t\t\t\t\t\t\t\t\t\t\t\t<\/div>\n\t\t\t\t<\/div>\n\t\t\t\t\t<\/div>\n\t\t<\/div>\n\t\t\t\t<div class=\"elementor-column elementor-col-50 elementor-top-column elementor-element elementor-element-43f1c06d\" data-id=\"43f1c06d\" data-element_type=\"column\">\n\t\t\t<div class=\"elementor-widget-wrap elementor-element-populated\">\n\t\t\t\t\t\t<div class=\"elementor-element elementor-element-61465245 elementor-widget elementor-widget-text-editor\" data-id=\"61465245\" data-element_type=\"widget\" data-widget_type=\"text-editor.default\">\n\t\t\t\t<div class=\"elementor-widget-container\">\n\t\t\t\t\t\t\t<p>\u00c9 uma das \u00e1reas da Fisioterapia onde o fisioterapeuta aprende a avaliar como um todo seu paciente, \u00a0avaliando a dor e \u00a0disfun\u00e7\u00e3o, detectando anormalidades do movimento e testando tecidos estruturais anat\u00f4micos. Os Objetivos da Terapia Manual s\u00e3o identificar e corrigir \u00a0disfun\u00e7\u00f5es de movimento nas articula\u00e7\u00f5es da coluna vertebral, membros superiores e membros inferiores.\u00a0<\/p>\t\t\t\t\t\t<\/div>\n\t\t\t\t<\/div>\n\t\t\t\t\t<\/div>\n\t\t<\/div>\n\t\t\t\t\t<\/div>\n\t\t<\/section>\n\t\t\t\t<\/div>\n\t\t","protected":false},"excerpt":{"rendered":"<p>\u00c9 uma das \u00e1reas da Fisioterapia onde o fisioterapeuta aprende a avaliar como um todo seu paciente, &nbsp;avaliando a dor e &nbsp;disfun\u00e7\u00e3o, detectando anormalidades do movimento e testando tecidos estruturais anat\u00f4micos. Os Objetivos da Terapia Manual s\u00e3o identificar e corrigir &nbsp;disfun\u00e7\u00f5es de movimento nas articula\u00e7\u00f5es da coluna vertebral, membros superiores e membros inferiores.&nbsp;<\/p>\n","protected":false},"author":1,"featured_media":0,"parent":0,"menu_order":0,"comment_status":"closed","ping_status":"closed","template":"page-templates\/homepage.php","meta":{"footnotes":""},"class_list":["post-337","page","type-page","status-publish","hentry"],"_links":{"self":[{"href":"https:\/\/acquafisioitatiba.com.br\/index.php?rest_route=\/wp\/v2\/pages\/337"}],"collection":[{"href":"https:\/\/acquafisioitatiba.com.br\/index.php?rest_route=\/wp\/v2\/pages"}],"about":[{"href":"https:\/\/acquafisioitatiba.com.br\/index.php?rest_route=\/wp\/v2\/types\/page"}],"author":[{"embeddable":true,"href":"https:\/\/acquafisioitatiba.com.br\/index.php?rest_route=\/wp\/v2\/users\/1"}],"replies":[{"embeddable":true,"href":"https:\/\/acquafisioitatiba.com.br\/index.php?rest_route=%2Fwp%2Fv2%2Fcomments&post=337"}],"version-history":[{"count":0,"href":"https:\/\/acquafisioitatiba.com.br\/index.php?rest_route=\/wp\/v2\/pages\/337\/revisions"}],"wp:attachment":[{"href":"https:\/\/acquafisioitatiba.com.br\/index.php?rest_route=%2Fwp%2Fv2%2Fmedia&parent=337"}],"curies":[{"name":"wp","href":"https:\/\/api.w.org\/{rel}","templated":true}]}}